{"id":416,"date":"2018-12-11T13:27:31","date_gmt":"2018-12-11T12:27:31","guid":{"rendered":"https:\/\/basar-grabenstetten.de\/?page_id=416"},"modified":"2024-03-03T11:59:11","modified_gmt":"2024-03-03T10:59:11","slug":"impressum","status":"publish","type":"page","link":"https:\/\/basar-grabenstetten.de\/?page_id=416","title":{"rendered":"Impressum"},"content":{"rendered":"<p>[et_pb_section fb_built=&#8220;1&#8243; _builder_version=&#8220;4.16&#8243; custom_margin=&#8220;3px|||&#8220; global_colors_info=&#8220;{}&#8220;][et_pb_row _builder_version=&#8220;4.16&#8243; background_size=&#8220;initial&#8220; background_position=&#8220;top_left&#8220; background_repeat=&#8220;repeat&#8220; global_colors_info=&#8220;{}&#8220;][et_pb_column type=&#8220;4_4&#8243; _builder_version=&#8220;4.16&#8243; custom_padding=&#8220;|||&#8220; global_colors_info=&#8220;{}&#8220; custom_padding__hover=&#8220;|||&#8220;][et_pb_text _builder_version=&#8220;4.17.3&#8243; hover_enabled=&#8220;0&#8243; global_colors_info=&#8220;{}&#8220; sticky_enabled=&#8220;0&#8243;]<\/p>\n<div id=\"comp-jjkf45da\" class=\"txtNew\" data-packed=\"true\">\n<h2 class=\"font_2\">Impressum<\/h2>\n<\/div>\n<div id=\"comp-jjkf45em\" class=\"txtNew\" data-packed=\"true\">\n<h5 class=\"font_5\"><span class=\"color_24\">* * * * * * * * *\u00a0* * * * * * * * *\u00a0* * * * * *\u00a0<\/span><\/h5>\n<\/div>\n<div id=\"comp-jjkf6dew\" class=\"txtNew\" data-packed=\"true\">\n<h2 class=\"font_2\">1. Disclaimer \/ Rechtliche Hinweise<\/h2>\n<p class=\"font_8\">Kinderkleiderbasar Grabenstetten<br \/>B\u00f6hringer Str. 10\/2<br \/>72582 Grabenstetten<br \/>E-Mail: info@basar-grabenstetten.de<\/p>\n<p class=\"font_8\"><span class=\"wixGuard\">\u200b<\/span><\/p>\n<p class=\"font_8\">1.1 Urheberrecht<\/p>\n<p class=\"font_8\">Alle Rechte vorbehalten. S\u00e4mtliche Inhalte der Webseite, einschlie\u00dflich der Bilder und der Gestaltung, sind urheberrechtlich gesch\u00fctzt. Die Vervielf\u00e4ltigung von Informationen, Daten, Bildern usw., insbesondere die kommerzielle Verwendung von Texten, Textteilen oder Bildmaterial bedarf der vorherigen schriftlichen Zustimmung.<\/p>\n<p class=\"font_8\"><span class=\"wixGuard\">\u200b<\/span><\/p>\n<p class=\"font_8\">1.2 Haftung \/ Gew\u00e4hrleistung<\/p>\n<p class=\"font_8\">Der Kinderkleiderbasar Grabenstetten pr\u00fcft die bereitgestellten Internet-Informationen sorgf\u00e4ltig und aktualisiert diese laufend. Dennoch kann eine Fehlerfreiheit hinsichtlich s\u00e4mtlicher Inhalte nicht garantiert werden.\u00a0Der Kinderkleiderbasar Grabenstetten schlie\u00dft daher jegliche Haftung oder Gew\u00e4hrleistung betreffend der Vollst\u00e4ndigkeit, Richtigkeit und Aktualit\u00e4t der bereitgestellten Daten und Informationen aus; dies gilt auch f\u00fcr eventuell in die Zukunft gerichtete Aussagen, da diese Aussagen auf \u00dcberzeugungen und Einsch\u00e4tzungen beruhen und damit Risiken und Unsicherheiten unterliegen.<\/p>\n<p class=\"font_8\">Der Haftungs- und Gew\u00e4hrleistungsausschluss gilt auch f\u00fcr alle Verbindungen (\u201elinks\u201c), auf Webseite direkt oder indirekt verweisen.\u00a0Der Kinderkleiderbasar Grabenstetten ist f\u00fcr den Inhalt dieser anderen Webseiten nicht verantwortlich.<\/p>\n<p class=\"font_8\">Der Kinderkleiderbasar Grabenstetten beh\u00e4lt sich das Recht vor, die zur Verf\u00fcgung gestellten Informationen ohne vorherige Ank\u00fcndigung zu ver\u00e4ndern oder zu erg\u00e4nzen.<\/p>\n<\/div>\n<p>[\/et_pb_text][\/et_pb_column][\/et_pb_row][\/et_pb_section]<\/p>\n","protected":false},"excerpt":{"rendered":"<p>Impressum * * * * * * * * *\u00a0* * * * * * * * *\u00a0* * * * * *\u00a0 1. Disclaimer \/ Rechtliche Hinweise Kinderkleiderbasar GrabenstettenB\u00f6hringer Str. 10\/272582 GrabenstettenE-Mail: info@basar-grabenstetten.de \u200b 1.1 Urheberrecht Alle Rechte vorbehalten. S\u00e4mtliche Inhalte der Webseite, einschlie\u00dflich der Bilder und der Gestaltung, sind urheberrechtlich gesch\u00fctzt. Die Vervielf\u00e4ltigung [&hellip;]<\/p>\n","protected":false},"author":1,"featured_media":0,"parent":0,"menu_order":0,"comment_status":"closed","ping_status":"closed","template":"","meta":{"_et_pb_use_builder":"on","_et_pb_old_content":"<div id=\"comp-jjkf45da\" class=\"txtNew\" data-packed=\"true\"><h2 class=\"font_2\">Impressum<\/h2><\/div><div id=\"comp-jjkf45em\" class=\"txtNew\" data-packed=\"true\"><h5 class=\"font_5\"><span class=\"color_24\">* * * * * * * * *\u00a0* * * * * * * * *\u00a0* * * * * *\u00a0<\/span><\/h5><\/div><div id=\"comp-jjkf6dew\" class=\"txtNew\" data-packed=\"true\"><h2 class=\"font_2\">1. Disclaimer \/ Rechtliche Hinweise<\/h2><p class=\"font_8\">Kinderkleiderbasar Grabenstetten<br \/>Burgstrasse 2<br \/>72582 Grabanstetten<br \/>E-Mail: info@basar-grabenstetten.de<\/p><p class=\"font_8\"><span class=\"wixGuard\">\u200b<\/span><\/p><p class=\"font_8\">1.1 Urheberrecht<\/p><p class=\"font_8\">Alle Rechte vorbehalten. S\u00e4mtliche Inhalte der Webseite, einschlie\u00dflich der Bilder und der Gestaltung, sind urheberrechtlich gesch\u00fctzt. Die Vervielf\u00e4ltigung von Informationen, Daten, Bildern usw., insbesondere die kommerzielle Verwendung von Texten, Textteilen oder Bildmaterial bedarf der vorherigen schriftlichen Zustimmung.<\/p><p class=\"font_8\"><span class=\"wixGuard\">\u200b<\/span><\/p><p class=\"font_8\">1.2 Haftung \/ Gew\u00e4hrleistung<\/p><p class=\"font_8\">Der Kinderkleiderbasar Grabenstetten pr\u00fcft die bereitgestellten Internet-Informationen sorgf\u00e4ltig und aktualisiert diese laufend. Dennoch kann eine Fehlerfreiheit hinsichtlich s\u00e4mtlicher Inhalte nicht garantiert werden.\u00a0Der Kinderkleiderbasar Grabenstetten schlie\u00dft daher jegliche Haftung oder Gew\u00e4hrleistung betreffend der Vollst\u00e4ndigkeit, Richtigkeit und Aktualit\u00e4t der bereitgestellten Daten und Informationen aus; dies gilt auch f\u00fcr eventuell in die Zukunft gerichtete Aussagen, da diese Aussagen auf \u00dcberzeugungen und Einsch\u00e4tzungen beruhen und damit Risiken und Unsicherheiten unterliegen.<\/p><p class=\"font_8\">Der Haftungs- und Gew\u00e4hrleistungsausschluss gilt auch f\u00fcr alle Verbindungen (\u201elinks\u201c), auf Webseite direkt oder indirekt verweisen.\u00a0Der Kinderkleiderbasar Grabenstetten ist f\u00fcr den Inhalt dieser anderen Webseiten nicht verantwortlich.<\/p><p class=\"font_8\">Der Kinderkleiderbasar Grabenstetten beh\u00e4lt sich das Recht vor, die zur Verf\u00fcgung gestellten Informationen ohne vorherige Ank\u00fcndigung zu ver\u00e4ndern oder zu erg\u00e4nzen.<\/p><\/div>","_et_gb_content_width":"","footnotes":""},"class_list":["post-416","page","type-page","status-publish","hentry"],"_links":{"self":[{"href":"https:\/\/basar-grabenstetten.de\/index.php?rest_route=\/wp\/v2\/pages\/416","targetHints":{"allow":["GET"]}}],"collection":[{"href":"https:\/\/basar-grabenstetten.de\/index.php?rest_route=\/wp\/v2\/pages"}],"about":[{"href":"https:\/\/basar-grabenstetten.de\/index.php?rest_route=\/wp\/v2\/types\/page"}],"author":[{"embeddable":true,"href":"https:\/\/basar-grabenstetten.de\/index.php?rest_route=\/wp\/v2\/users\/1"}],"replies":[{"embeddable":true,"href":"https:\/\/basar-grabenstetten.de\/index.php?rest_route=%2Fwp%2Fv2%2Fcomments&post=416"}],"version-history":[{"count":5,"href":"https:\/\/basar-grabenstetten.de\/index.php?rest_route=\/wp\/v2\/pages\/416\/revisions"}],"predecessor-version":[{"id":701,"href":"https:\/\/basar-grabenstetten.de\/index.php?rest_route=\/wp\/v2\/pages\/416\/revisions\/701"}],"wp:attachment":[{"href":"https:\/\/basar-grabenstetten.de\/index.php?rest_route=%2Fwp%2Fv2%2Fmedia&parent=416"}],"curies":[{"name":"wp","href":"https:\/\/api.w.org\/{rel}","templated":true}]}}